{"id":8095,"date":"2025-01-23T15:17:08","date_gmt":"2025-01-23T15:17:08","guid":{"rendered":"https:\/\/www.aimcapitalpartners.com\/surec-kopyasi\/"},"modified":"2025-01-30T04:40:00","modified_gmt":"2025-01-30T04:40:00","slug":"surec-kopyasi","status":"publish","type":"page","link":"https:\/\/www.aimcapitalpartners.com\/tr\/surec-kopyasi\/","title":{"rendered":"\u00c7erez politikas\u0131"},"content":{"rendered":"\t\t<div data-elementor-type=\"wp-page\" data-elementor-id=\"8095\" class=\"elementor elementor-8095 elementor-8092\" data-elementor-post-type=\"page\">\n\t\t\t\t\t\t<section class=\"elementor-section elementor-top-section elementor-element elementor-element-be889a9 elementor-section-boxed elementor-section-height-default elementor-section-height-default\" data-id=\"be889a9\" data-element_type=\"section\" data-e-type=\"section\">\n\t\t\t\t\t\t<div class=\"elementor-container elementor-column-gap-default\">\n\t\t\t\t\t<div class=\"elementor-column elementor-col-100 elementor-top-column elementor-element elementor-element-44b7415\" data-id=\"44b7415\" data-element_type=\"column\" data-e-type=\"column\">\n\t\t\t<div class=\"elementor-widget-wrap elementor-element-populated\">\n\t\t\t\t\t\t<div class=\"elementor-element elementor-element-b6b641b elementor-widget elementor-widget-spacer\" data-id=\"b6b641b\" data-element_type=\"widget\" data-e-type=\"widget\" data-widget_type=\"spacer.default\">\n\t\t\t\t<div class=\"elementor-widget-container\">\n\t\t\t\t\t\t\t<div class=\"elementor-spacer\">\n\t\t\t<div class=\"elementor-spacer-inner\"><\/div>\n\t\t<\/div>\n\t\t\t\t\t\t<\/div>\n\t\t\t\t<\/div>\n\t\t\t\t<div class=\"elementor-element elementor-element-1a48f6d elementor-widget elementor-widget-heading\" data-id=\"1a48f6d\" data-element_type=\"widget\" data-e-type=\"widget\" data-widget_type=\"heading.default\">\n\t\t\t\t<div class=\"elementor-widget-container\">\n\t\t\t\t\t<h1 class=\"elementor-heading-title elementor-size-default\">\u00c7erez Politikas\u0131<\/h1>\t\t\t\t<\/div>\n\t\t\t\t<\/div>\n\t\t\t\t<div class=\"elementor-element elementor-element-4d32265 elementor-widget-divider--view-line elementor-widget elementor-widget-divider\" data-id=\"4d32265\" data-element_type=\"widget\" data-e-type=\"widget\" data-widget_type=\"divider.default\">\n\t\t\t\t<div class=\"elementor-widget-container\">\n\t\t\t\t\t\t\t<div class=\"elementor-divider\">\n\t\t\t<span class=\"elementor-divider-separator\">\n\t\t\t\t\t\t<\/span>\n\t\t<\/div>\n\t\t\t\t\t\t<\/div>\n\t\t\t\t<\/div>\n\t\t\t\t<div class=\"elementor-element elementor-element-b54f34b elementor-widget elementor-widget-text-editor\" data-id=\"b54f34b\" data-element_type=\"widget\" data-e-type=\"widget\" data-widget_type=\"text-editor.default\">\n\t\t\t\t<div class=\"elementor-widget-container\">\n\t\t\t\t\t\t\t\t\t<p><strong>Y\u00fcr\u00fcrl\u00fck Tarihi: 22-Jan-2025 <\/strong><br \/><strong>Son G\u00fcncelleme 22-Jan-2025<\/strong><\/p>\n\t\t\t\t\t\t\t\t<\/div>\n\t\t\t\t<\/div>\n\t\t\t\t<div class=\"elementor-element elementor-element-810c0e0 elementor-widget elementor-widget-heading\" data-id=\"810c0e0\" data-element_type=\"widget\" data-e-type=\"widget\" data-widget_type=\"heading.default\">\n\t\t\t\t<div class=\"elementor-widget-container\">\n\t\t\t\t\t<h5 class=\"elementor-heading-title elementor-size-default\">Kurabiye nedir?<\/h5>\t\t\t\t<\/div>\n\t\t\t\t<\/div>\n\t\t\t\t<div class=\"elementor-element elementor-element-e4e7bfc elementor-widget elementor-widget-text-editor\" data-id=\"e4e7bfc\" data-element_type=\"widget\" data-e-type=\"widget\" data-widget_type=\"text-editor.default\">\n\t\t\t\t<div class=\"elementor-widget-container\">\n\t\t\t\t\t\t\t\t\t<p>Bu \u00c7erez Politikas\u0131, \u00e7erezlerin ne oldu\u011funu ve bunlar\u0131 nas\u0131l kulland\u0131\u011f\u0131m\u0131z\u0131, kulland\u0131\u011f\u0131m\u0131z \u00e7erez t\u00fcrlerini, yani \u00e7erezleri kullanarak toplad\u0131\u011f\u0131m\u0131z bilgileri ve bu bilgilerin nas\u0131l kullan\u0131ld\u0131\u011f\u0131n\u0131 ve \u00e7erez ayarlar\u0131n\u0131n nas\u0131l y\u00f6netilece\u011fini a\u00e7\u0131klamaktad\u0131r.<\/p>\n\t\t\t\t\t\t\t\t<\/div>\n\t\t\t\t<\/div>\n\t\t\t\t<div class=\"elementor-element elementor-element-ed4d7f4 elementor-widget elementor-widget-text-editor\" data-id=\"ed4d7f4\" data-element_type=\"widget\" data-e-type=\"widget\" data-widget_type=\"text-editor.default\">\n\t\t\t\t<div class=\"elementor-widget-container\">\n\t\t\t\t\t\t\t\t\t<p>\u00c7erezler, k\u00fc\u00e7\u00fck bilgi par\u00e7alar\u0131n\u0131 saklamak i\u00e7in kullan\u0131lan k\u00fc\u00e7\u00fck metinlerdir. Web sitesi taray\u0131c\u0131n\u0131za y\u00fcklendi\u011finde cihaz\u0131n\u0131zda saklan\u0131rlar. Bu \u00e7erezler, web sitesinin d\u00fczg\u00fcn \u00e7al\u0131\u015fmas\u0131n\u0131 sa\u011flamam\u0131za, daha g\u00fcvenli hale getirmemize, daha iyi kullan\u0131c\u0131 deneyimi sunmam\u0131za ve web sitesinin nas\u0131l performans g\u00f6sterdi\u011fini anlamam\u0131za ve neyin i\u015fe yarad\u0131\u011f\u0131n\u0131 ve nerede iyile\u015ftirilmesi gerekti\u011fini analiz etmemize yard\u0131mc\u0131 olur.  <\/p>\n\t\t\t\t\t\t\t\t<\/div>\n\t\t\t\t<\/div>\n\t\t\t\t<div class=\"elementor-element elementor-element-9844e55 elementor-widget elementor-widget-heading\" data-id=\"9844e55\" data-element_type=\"widget\" data-e-type=\"widget\" data-widget_type=\"heading.default\">\n\t\t\t\t<div class=\"elementor-widget-container\">\n\t\t\t\t\t<h5 class=\"elementor-heading-title elementor-size-default\">\u00c7erezleri nas\u0131l kullan\u0131yoruz?<\/h5>\t\t\t\t<\/div>\n\t\t\t\t<\/div>\n\t\t\t\t<div class=\"elementor-element elementor-element-f738973 elementor-widget elementor-widget-text-editor\" data-id=\"f738973\" data-element_type=\"widget\" data-e-type=\"widget\" data-widget_type=\"text-editor.default\">\n\t\t\t\t<div class=\"elementor-widget-container\">\n\t\t\t\t\t\t\t\t\t<p>\u00c7evrimi\u00e7i hizmetlerin \u00e7o\u011funda oldu\u011fu gibi, web sitemiz de \u00e7e\u015fitli ama\u00e7lar i\u00e7in birinci taraf ve \u00fc\u00e7\u00fcnc\u00fc taraf \u00e7erezleri kullan\u0131r. Birinci taraf \u00e7erezleri \u00e7o\u011funlukla web sitesinin do\u011fru \u015fekilde \u00e7al\u0131\u015fmas\u0131 i\u00e7in gereklidir ve ki\u015fisel olarak tan\u0131mlanabilir verilerinizi toplamazlar. <\/p>\n\t\t\t\t\t\t\t\t<\/div>\n\t\t\t\t<\/div>\n\t\t\t\t<div class=\"elementor-element elementor-element-557edee elementor-widget elementor-widget-text-editor\" data-id=\"557edee\" data-element_type=\"widget\" data-e-type=\"widget\" data-widget_type=\"text-editor.default\">\n\t\t\t\t<div class=\"elementor-widget-container\">\n\t\t\t\t\t\t\t\t\t<p>Web sitemizde kullan\u0131lan \u00fc\u00e7\u00fcnc\u00fc taraf \u00e7erezleri temel olarak web sitesinin nas\u0131l performans g\u00f6sterdi\u011fini, web sitemizle nas\u0131l etkile\u015fimde bulundu\u011funuzu anlamak, hizmetlerimizi g\u00fcvende tutmak, sizinle alakal\u0131 reklamlar sunmak ve sonu\u00e7 olarak size daha iyi ve geli\u015fmi\u015f bir kullan\u0131c\u0131 deneyimi sa\u011flamak ve web sitemizle gelecekteki etkile\u015fimlerinizi h\u0131zland\u0131rmaya yard\u0131mc\u0131 olmak i\u00e7indir.<\/p>\n\t\t\t\t\t\t\t\t<\/div>\n\t\t\t\t<\/div>\n\t\t\t\t<div class=\"elementor-element elementor-element-856ad01 elementor-widget elementor-widget-ucaddon_content_accordion\" data-id=\"856ad01\" data-element_type=\"widget\" data-e-type=\"widget\" data-widget_type=\"ucaddon_content_accordion.default\">\n\t\t\t\t<div class=\"elementor-widget-container\">\n\t\t\t\t\t\n<!-- start Content Accordion -->\n\t\t<link id='font-awesome-css' href='https:\/\/www.aimcapitalpartners.com\/wp-content\/plugins\/unlimited-elements-for-elementor-premium\/assets_libraries\/font-awesome6\/fontawesome-all.min.css' type='text\/css' rel='stylesheet' >\n\t\t<link id='font-awesome-4-shim-css' href='https:\/\/www.aimcapitalpartners.com\/wp-content\/plugins\/unlimited-elements-for-elementor-premium\/assets_libraries\/font-awesome6\/fontawesome-v4-shims.min.css' type='text\/css' rel='stylesheet' >\n\n<style>\/* widget: Content Accordion *\/\n\n#uc_content_accordion_elementor_856ad01 *{\n  box-sizing: border-box;\n}\n\n#uc_content_accordion_elementor_856ad01 .uc_ac_box\n{\n  overflow:hidden;\n}\n\n\n#uc_content_accordion_elementor_856ad01 em\n{\n  font-style: normal;\n}\n\n#uc_content_accordion_elementor_856ad01 .ue_heading_title\n{\n  margin:0;\n  flex-grow:1;\n}\n\n#uc_content_accordion_elementor_856ad01 .uc_container .uc-heading\n{\n\tdisplay:flex;\n    align-items:center;\n\toverflow:hidden;\n\tcursor:pointer;\n  \n}\n#uc_content_accordion_elementor_856ad01 .uc_container .uc_content\n{\n    display:none;\n}\n\n#uc_content_accordion_elementor_856ad01 .uc_container .uc-heading span.ue_accordion_icon\n{\n\tdisplay:flex;\n    align-items:center;\n   \tjustify-content:center;\n    flex-grow:0;\n    flex-shrink:0;\n}\n#uc_content_accordion_elementor_856ad01 .uc_ac_box.uc-item-active span.uc_dactive\n{\n\tdisplay:none;\n}\n#uc_content_accordion_elementor_856ad01 .uc_ac_box:not(.uc-item-active) span.uc_active\n{\n\tdisplay:none;\n}\n#uc_content_accordion_elementor_856ad01 span.ue_accordion_icon svg\n{\n  height:1em;\n  width:1em;\n}\n\n#uc_content_accordion_elementor_856ad01 .uc_container .uc_btn {\n\n    text-align: center;\n    display: inline-block;\n    text-decoration: none;\n    transition: ease-in-out all 0.25s;\n}\n\n#uc_content_accordion_elementor_856ad01 .ue-item-image img\n{\n  width:100%;\n  display:block;\n  object-fit:cover;\n}\n\n<\/style>\n\n<div class=\"uc_material_accordion  \"  id=\"uc_content_accordion_elementor_856ad01\"  data-name=\"\" data-scroll=\"off\" data-offset=\"0\" data-closeothers=\"true\" data-set-hash=\"false\" >\n  <div class=\"uc_container uc-items-wrapper\">\n    \n\n\n<div id=\"#ue-tab1\" class=\"uc_ac_box elementor-repeater-item-27ae940 \" style=\"background-color:;\">\n  <div class=\"uc-heading uc_trigger\">\n    <span class=\"uc_dactive bbb ue_accordion_icon\"><i class='fas fa-play'><\/i><\/span> \n    <span class=\"uc_active bbb ue_accordion_icon\"><i class='fas fa-minus'><\/i><\/span>\n    <div class=\"ue_heading_title\">Types of Cookies we use<\/div>\n  <\/div>\n  \n  <div class=\"uc_content\" >\n        \n      \n                  <div class=\"ue-item-image\"><img decoding=\"async\" src=\"\" ><\/div>\n               \n          \n            <div class=\"ue-item-title\"><\/div>\n      \n              <div class=\"ue-item-text\"><div class=\"cky-audit-table-element\">\u00a0<\/div><\/div>\n      \n              \n      <\/div> \n<\/div>\n\n  <\/div>\n<\/div>\n\n\n<!-- end Content Accordion -->\t\t\t\t<\/div>\n\t\t\t\t<\/div>\n\t\t\t\t<div class=\"elementor-element elementor-element-2b332bc elementor-hidden-desktop elementor-hidden-tablet elementor-hidden-mobile elementor-widget elementor-widget-heading\" data-id=\"2b332bc\" data-element_type=\"widget\" data-e-type=\"widget\" data-widget_type=\"heading.default\">\n\t\t\t\t<div class=\"elementor-widget-container\">\n\t\t\t\t\t<h5 class=\"elementor-heading-title elementor-size-default\">Kulland\u0131\u011f\u0131m\u0131z \u00c7erez T\u00fcrleri<\/h5>\t\t\t\t<\/div>\n\t\t\t\t<\/div>\n\t\t\t\t<div class=\"elementor-element elementor-element-d0705ed elementor-hidden-desktop elementor-hidden-tablet elementor-hidden-mobile elementor-widget elementor-widget-html\" data-id=\"d0705ed\" data-element_type=\"widget\" data-e-type=\"widget\" data-widget_type=\"html.default\">\n\t\t\t\t<div class=\"elementor-widget-container\">\n\t\t\t\t\t<div class=\"cky-audit-table-element\"><\/div>\t\t\t\t<\/div>\n\t\t\t\t<\/div>\n\t\t\t\t<div class=\"elementor-element elementor-element-8cdb4d6 elementor-widget elementor-widget-heading\" data-id=\"8cdb4d6\" data-element_type=\"widget\" data-e-type=\"widget\" data-widget_type=\"heading.default\">\n\t\t\t\t<div class=\"elementor-widget-container\">\n\t\t\t\t\t<h5 class=\"elementor-heading-title elementor-size-default\">\u00c7erez tercihlerini y\u00f6netme<\/h5>\t\t\t\t<\/div>\n\t\t\t\t<\/div>\n\t\t\t\t<div class=\"elementor-element elementor-element-a2795c5 elementor-widget__width-auto cky-banner-element elementor-widget elementor-widget-button\" data-id=\"a2795c5\" data-element_type=\"widget\" data-e-type=\"widget\" data-widget_type=\"button.default\">\n\t\t\t\t<div class=\"elementor-widget-container\">\n\t\t\t\t\t\t\t\t\t<div class=\"elementor-button-wrapper\">\n\t\t\t\t\t<a class=\"elementor-button elementor-button-link elementor-size-sm\" href=\"#\">\n\t\t\t\t\t\t<span class=\"elementor-button-content-wrapper\">\n\t\t\t\t\t\t\t\t\t<span class=\"elementor-button-text\">\u00c7erez Ayarlar\u0131<\/span>\n\t\t\t\t\t<\/span>\n\t\t\t\t\t<\/a>\n\t\t\t\t<\/div>\n\t\t\t\t\t\t\t\t<\/div>\n\t\t\t\t<\/div>\n\t\t\t\t<div class=\"elementor-element elementor-element-a8e7077 elementor-widget elementor-widget-text-editor\" data-id=\"a8e7077\" data-element_type=\"widget\" data-e-type=\"widget\" data-widget_type=\"text-editor.default\">\n\t\t\t\t<div class=\"elementor-widget-container\">\n\t\t\t\t\t\t\t\t\t<p>Yukar\u0131daki d\u00fc\u011fmeye t\u0131klayarak \u00e7erez tercihlerinizi istedi\u011finiz zaman de\u011fi\u015ftirebilirsiniz. Bu, \u00e7erez onay\u0131 ba\u015fl\u0131\u011f\u0131n\u0131 tekrar ziyaret etmenize ve tercihlerinizi de\u011fi\u015ftirmenize veya onay\u0131n\u0131z\u0131 hemen geri \u00e7ekmenize olanak tan\u0131r. <\/p>\n\t\t\t\t\t\t\t\t<\/div>\n\t\t\t\t<\/div>\n\t\t\t\t<div class=\"elementor-element elementor-element-0a92a73 elementor-widget elementor-widget-text-editor\" data-id=\"0a92a73\" data-element_type=\"widget\" data-e-type=\"widget\" data-widget_type=\"text-editor.default\">\n\t\t\t\t<div class=\"elementor-widget-container\">\n\t\t\t\t\t\t\t\t\t<p>Buna ek olarak, farkl\u0131 taray\u0131c\u0131lar web siteleri taraf\u0131ndan kullan\u0131lan \u00e7erezleri engellemek ve silmek i\u00e7in farkl\u0131 y\u00f6ntemler sunar. \u00c7erezleri engellemek\/silmek i\u00e7in taray\u0131c\u0131n\u0131z\u0131n ayarlar\u0131n\u0131 de\u011fi\u015ftirebilirsiniz. A\u015fa\u011f\u0131da, ba\u015fl\u0131ca web taray\u0131c\u0131lar\u0131ndan \u00e7erezlerin nas\u0131l y\u00f6netilece\u011fi ve silinece\u011fi ile ilgili destek belgelerinin ba\u011flant\u0131lar\u0131 listelenmi\u015ftir.  <\/p>\n\t\t\t\t\t\t\t\t<\/div>\n\t\t\t\t<\/div>\n\t\t\t\t<div class=\"elementor-element elementor-element-b5c30a5 elementor-widget elementor-widget-text-editor\" data-id=\"b5c30a5\" data-element_type=\"widget\" data-e-type=\"widget\" data-widget_type=\"text-editor.default\">\n\t\t\t\t<div class=\"elementor-widget-container\">\n\t\t\t\t\t\t\t\t\t<p>Krom: <a href=\"https:\/\/support.google.com\/accounts\/answer\/32050\">https:\/\/support.google.com\/accounts\/answer\/32050<\/a><\/p>\n\t\t\t\t\t\t\t\t<\/div>\n\t\t\t\t<\/div>\n\t\t\t\t<div class=\"elementor-element elementor-element-9c71cb2 elementor-widget elementor-widget-text-editor\" data-id=\"9c71cb2\" data-element_type=\"widget\" data-e-type=\"widget\" data-widget_type=\"text-editor.default\">\n\t\t\t\t<div class=\"elementor-widget-container\">\n\t\t\t\t\t\t\t\t\t<p>Safari: <a href=\"https:\/\/support.apple.com\/en-in\/guide\/safari\/sfri11471\/mac\">https:\/\/support.apple.com\/en-in\/guide\/safari\/sfri11471\/mac<\/a><\/p>\n\t\t\t\t\t\t\t\t<\/div>\n\t\t\t\t<\/div>\n\t\t\t\t<div class=\"elementor-element elementor-element-a9bd2b0 elementor-widget elementor-widget-text-editor\" data-id=\"a9bd2b0\" data-element_type=\"widget\" data-e-type=\"widget\" data-widget_type=\"text-editor.default\">\n\t\t\t\t<div class=\"elementor-widget-container\">\n\t\t\t\t\t\t\t\t\t<p>Firefox: <a href=\"https:\/\/support.mozilla.org\/en-US\/kb\/clear-cookies-and-site-data-firefox?redirectslug=delete-cookies-remove-info-websites-stored&amp;redirectlocale=en-US\">https:\/\/support.mozilla.org\/en-US\/kb\/clear-cookies-and-site-data-refox?<\/a><br \/><a href=\"https:\/\/support.mozilla.org\/en-US\/kb\/clear-cookies-and-site-data-firefox?redirectslug=delete-cookies-remove-info-websites-stored&amp;redirectlocale=en-US\">redirectslug=delete-cookies-remove-info-websites-stored&amp;redirectlocale=en-US<\/a><\/p>\n\t\t\t\t\t\t\t\t<\/div>\n\t\t\t\t<\/div>\n\t\t\t\t<div class=\"elementor-element elementor-element-b160b6e elementor-widget elementor-widget-text-editor\" data-id=\"b160b6e\" data-element_type=\"widget\" data-e-type=\"widget\" data-widget_type=\"text-editor.default\">\n\t\t\t\t<div class=\"elementor-widget-container\">\n\t\t\t\t\t\t\t\t\t<p>Internet Explorer: <a href=\"https:\/\/support.microsoft.com\/en-us\/topic\/how-to-delete-cookie-les-in-internetexplorer-bca9446f-d873-78de-77ba-d42645fa52fc\">https:\/\/support.microsoft.com\/en-us\/topic\/how-to-delete-cookie-les-in-internetexplorer-bca9446f-d873-78de-77ba-d42645fa52fc<\/a><\/p>\n\t\t\t\t\t\t\t\t<\/div>\n\t\t\t\t<\/div>\n\t\t\t\t<div class=\"elementor-element elementor-element-df8412d elementor-widget elementor-widget-text-editor\" data-id=\"df8412d\" data-element_type=\"widget\" data-e-type=\"widget\" data-widget_type=\"text-editor.default\">\n\t\t\t\t<div class=\"elementor-widget-container\">\n\t\t\t\t\t\t\t\t\t<p>Ba\u015fka bir web taray\u0131c\u0131s\u0131 kullan\u0131yorsan\u0131z, l\u00fctfen taray\u0131c\u0131n\u0131z\u0131n resmi destek belgelerini ziyaret edin.<\/p>\n\t\t\t\t\t\t\t\t<\/div>\n\t\t\t\t<\/div>\n\t\t\t\t\t<\/div>\n\t\t<\/div>\n\t\t\t\t\t<\/div>\n\t\t<\/section>\n\t\t\t\t<\/div>\n\t\t","protected":false},"excerpt":{"rendered":"<p>\u00c7erez Politikas\u0131 Y\u00fcr\u00fcrl\u00fck Tarihi: 22-Jan-2025 Son G\u00fcncelleme 22-Jan-2025 Kurabiye nedir? Bu \u00c7erez Politikas\u0131, \u00e7erezlerin ne oldu\u011funu ve bunlar\u0131 nas\u0131l kulland\u0131\u011f\u0131m\u0131z\u0131, kulland\u0131\u011f\u0131m\u0131z \u00e7erez t\u00fcrlerini, yani \u00e7erezleri kullanarak toplad\u0131\u011f\u0131m\u0131z bilgileri ve bu bilgilerin nas\u0131l kullan\u0131ld\u0131\u011f\u0131n\u0131 ve \u00e7erez ayarlar\u0131n\u0131n nas\u0131l y\u00f6netilece\u011fini a\u00e7\u0131klamaktad\u0131r. \u00c7erezler, k\u00fc\u00e7\u00fck bilgi par\u00e7alar\u0131n\u0131 saklamak i\u00e7in kullan\u0131lan k\u00fc\u00e7\u00fck metinlerdir. Web sitesi taray\u0131c\u0131n\u0131za y\u00fcklendi\u011finde cihaz\u0131n\u0131zda saklan\u0131rlar. Bu [&hellip;]<\/p>\n","protected":false},"author":1,"featured_media":0,"parent":0,"menu_order":0,"comment_status":"closed","ping_status":"closed","template":"elementor_header_footer","meta":{"footnotes":""},"class_list":["post-8095","page","type-page","status-publish","hentry"],"yoast_head":"<!-- This site is optimized with the Yoast SEO plugin v27.4 - https:\/\/yoast.com\/product\/yoast-seo-wordpress\/ -->\n<title>\u00c7erez politikas\u0131 | AIM Capital Partners<\/title>\n<meta name=\"description\" content=\"T\u00fcm programlar i\u00e7in vatanda\u015fl\u0131k kazanma s\u00fcreci genel olarak benzerdir. Asistanl\u0131k kazanma s\u00fcreci her programa g\u00f6re farkl\u0131l\u0131k g\u00f6stermektedir.\" \/>\n<meta name=\"robots\" content=\"index, follow, max-snippet:-1, max-image-preview:large, max-video-preview:-1\" \/>\n<link rel=\"canonical\" href=\"https:\/\/www.aimcapitalpartners.com\/tr\/surec-kopyasi\/\" \/>\n<meta property=\"og:locale\" content=\"tr_TR\" \/>\n<meta property=\"og:type\" content=\"article\" \/>\n<meta property=\"og:title\" content=\"\u00c7erez politikas\u0131 | AIM Capital Partners\" \/>\n<meta property=\"og:description\" content=\"T\u00fcm programlar i\u00e7in vatanda\u015fl\u0131k kazanma s\u00fcreci genel olarak benzerdir. Asistanl\u0131k kazanma s\u00fcreci her programa g\u00f6re farkl\u0131l\u0131k g\u00f6stermektedir.\" \/>\n<meta property=\"og:url\" content=\"https:\/\/www.aimcapitalpartners.com\/tr\/surec-kopyasi\/\" \/>\n<meta property=\"og:site_name\" content=\"Aim Capital Partners\" \/>\n<meta property=\"article:modified_time\" content=\"2025-01-30T04:40:00+00:00\" \/>\n<meta name=\"twitter:card\" content=\"summary_large_image\" \/>\n<meta name=\"twitter:label1\" content=\"Tahmini okuma s\u00fcresi\" \/>\n\t<meta name=\"twitter:data1\" content=\"2 dakika\" \/>\n<script type=\"application\/ld+json\" class=\"yoast-schema-graph\">{\"@context\":\"https:\\\/\\\/schema.org\",\"@graph\":[{\"@type\":\"WebPage\",\"@id\":\"https:\\\/\\\/www.aimcapitalpartners.com\\\/tr\\\/surec-kopyasi\\\/\",\"url\":\"https:\\\/\\\/www.aimcapitalpartners.com\\\/tr\\\/surec-kopyasi\\\/\",\"name\":\"\u00c7erez politikas\u0131 | AIM Capital Partners\",\"isPartOf\":{\"@id\":\"https:\\\/\\\/www.aimcapitalpartners.com\\\/tr\\\/#website\"},\"datePublished\":\"2025-01-23T15:17:08+00:00\",\"dateModified\":\"2025-01-30T04:40:00+00:00\",\"description\":\"T\u00fcm programlar i\u00e7in vatanda\u015fl\u0131k kazanma s\u00fcreci genel olarak benzerdir. Asistanl\u0131k kazanma s\u00fcreci her programa g\u00f6re farkl\u0131l\u0131k g\u00f6stermektedir.\",\"breadcrumb\":{\"@id\":\"https:\\\/\\\/www.aimcapitalpartners.com\\\/tr\\\/surec-kopyasi\\\/#breadcrumb\"},\"inLanguage\":\"tr\",\"potentialAction\":[{\"@type\":\"ReadAction\",\"target\":[\"https:\\\/\\\/www.aimcapitalpartners.com\\\/tr\\\/surec-kopyasi\\\/\"]}]},{\"@type\":\"BreadcrumbList\",\"@id\":\"https:\\\/\\\/www.aimcapitalpartners.com\\\/tr\\\/surec-kopyasi\\\/#breadcrumb\",\"itemListElement\":[{\"@type\":\"ListItem\",\"position\":1,\"name\":\"Home\",\"item\":\"https:\\\/\\\/www.aimcapitalpartners.com\\\/tr\\\/ev\\\/\"},{\"@type\":\"ListItem\",\"position\":2,\"name\":\"\u00c7erez politikas\u0131\"}]},{\"@type\":\"WebSite\",\"@id\":\"https:\\\/\\\/www.aimcapitalpartners.com\\\/tr\\\/#website\",\"url\":\"https:\\\/\\\/www.aimcapitalpartners.com\\\/tr\\\/\",\"name\":\"Aim Capital Partners\",\"description\":\"We are your government-approved guide and consultant in the journey of your 2nd citizenship\",\"publisher\":{\"@id\":\"https:\\\/\\\/www.aimcapitalpartners.com\\\/tr\\\/#organization\"},\"potentialAction\":[{\"@type\":\"SearchAction\",\"target\":{\"@type\":\"EntryPoint\",\"urlTemplate\":\"https:\\\/\\\/www.aimcapitalpartners.com\\\/tr\\\/?s={search_term_string}\"},\"query-input\":{\"@type\":\"PropertyValueSpecification\",\"valueRequired\":true,\"valueName\":\"search_term_string\"}}],\"inLanguage\":\"tr\"},{\"@type\":\"Organization\",\"@id\":\"https:\\\/\\\/www.aimcapitalpartners.com\\\/tr\\\/#organization\",\"name\":\"Aim Capital Partners\",\"url\":\"https:\\\/\\\/www.aimcapitalpartners.com\\\/tr\\\/\",\"logo\":{\"@type\":\"ImageObject\",\"inLanguage\":\"tr\",\"@id\":\"https:\\\/\\\/www.aimcapitalpartners.com\\\/tr\\\/#\\\/schema\\\/logo\\\/image\\\/\",\"url\":\"https:\\\/\\\/www.aimcapitalpartners.com\\\/wp-content\\\/uploads\\\/2023\\\/11\\\/aim-capital-partners.jpg\",\"contentUrl\":\"https:\\\/\\\/www.aimcapitalpartners.com\\\/wp-content\\\/uploads\\\/2023\\\/11\\\/aim-capital-partners.jpg\",\"width\":1200,\"height\":630,\"caption\":\"Aim Capital Partners\"},\"image\":{\"@id\":\"https:\\\/\\\/www.aimcapitalpartners.com\\\/tr\\\/#\\\/schema\\\/logo\\\/image\\\/\"},\"sameAs\":[\"https:\\\/\\\/www.instagram.com\\\/aimcapital\\\/\",\"https:\\\/\\\/www.linkedin.com\\\/company\\\/aim-capital-partners\"]}]}<\/script>\n<!-- \/ Yoast SEO plugin. -->","yoast_head_json":{"title":"\u00c7erez politikas\u0131 | AIM Capital Partners","description":"T\u00fcm programlar i\u00e7in vatanda\u015fl\u0131k kazanma s\u00fcreci genel olarak benzerdir. Asistanl\u0131k kazanma s\u00fcreci her programa g\u00f6re farkl\u0131l\u0131k g\u00f6stermektedir.","robots":{"index":"index","follow":"follow","max-snippet":"max-snippet:-1","max-image-preview":"max-image-preview:large","max-video-preview":"max-video-preview:-1"},"canonical":"https:\/\/www.aimcapitalpartners.com\/tr\/surec-kopyasi\/","og_locale":"tr_TR","og_type":"article","og_title":"\u00c7erez politikas\u0131 | AIM Capital Partners","og_description":"T\u00fcm programlar i\u00e7in vatanda\u015fl\u0131k kazanma s\u00fcreci genel olarak benzerdir. Asistanl\u0131k kazanma s\u00fcreci her programa g\u00f6re farkl\u0131l\u0131k g\u00f6stermektedir.","og_url":"https:\/\/www.aimcapitalpartners.com\/tr\/surec-kopyasi\/","og_site_name":"Aim Capital Partners","article_modified_time":"2025-01-30T04:40:00+00:00","twitter_card":"summary_large_image","twitter_misc":{"Tahmini okuma s\u00fcresi":"2 dakika"},"schema":{"@context":"https:\/\/schema.org","@graph":[{"@type":"WebPage","@id":"https:\/\/www.aimcapitalpartners.com\/tr\/surec-kopyasi\/","url":"https:\/\/www.aimcapitalpartners.com\/tr\/surec-kopyasi\/","name":"\u00c7erez politikas\u0131 | AIM Capital Partners","isPartOf":{"@id":"https:\/\/www.aimcapitalpartners.com\/tr\/#website"},"datePublished":"2025-01-23T15:17:08+00:00","dateModified":"2025-01-30T04:40:00+00:00","description":"T\u00fcm programlar i\u00e7in vatanda\u015fl\u0131k kazanma s\u00fcreci genel olarak benzerdir. Asistanl\u0131k kazanma s\u00fcreci her programa g\u00f6re farkl\u0131l\u0131k g\u00f6stermektedir.","breadcrumb":{"@id":"https:\/\/www.aimcapitalpartners.com\/tr\/surec-kopyasi\/#breadcrumb"},"inLanguage":"tr","potentialAction":[{"@type":"ReadAction","target":["https:\/\/www.aimcapitalpartners.com\/tr\/surec-kopyasi\/"]}]},{"@type":"BreadcrumbList","@id":"https:\/\/www.aimcapitalpartners.com\/tr\/surec-kopyasi\/#breadcrumb","itemListElement":[{"@type":"ListItem","position":1,"name":"Home","item":"https:\/\/www.aimcapitalpartners.com\/tr\/ev\/"},{"@type":"ListItem","position":2,"name":"\u00c7erez politikas\u0131"}]},{"@type":"WebSite","@id":"https:\/\/www.aimcapitalpartners.com\/tr\/#website","url":"https:\/\/www.aimcapitalpartners.com\/tr\/","name":"Aim Capital Partners","description":"We are your government-approved guide and consultant in the journey of your 2nd citizenship","publisher":{"@id":"https:\/\/www.aimcapitalpartners.com\/tr\/#organization"},"potentialAction":[{"@type":"SearchAction","target":{"@type":"EntryPoint","urlTemplate":"https:\/\/www.aimcapitalpartners.com\/tr\/?s={search_term_string}"},"query-input":{"@type":"PropertyValueSpecification","valueRequired":true,"valueName":"search_term_string"}}],"inLanguage":"tr"},{"@type":"Organization","@id":"https:\/\/www.aimcapitalpartners.com\/tr\/#organization","name":"Aim Capital Partners","url":"https:\/\/www.aimcapitalpartners.com\/tr\/","logo":{"@type":"ImageObject","inLanguage":"tr","@id":"https:\/\/www.aimcapitalpartners.com\/tr\/#\/schema\/logo\/image\/","url":"https:\/\/www.aimcapitalpartners.com\/wp-content\/uploads\/2023\/11\/aim-capital-partners.jpg","contentUrl":"https:\/\/www.aimcapitalpartners.com\/wp-content\/uploads\/2023\/11\/aim-capital-partners.jpg","width":1200,"height":630,"caption":"Aim Capital Partners"},"image":{"@id":"https:\/\/www.aimcapitalpartners.com\/tr\/#\/schema\/logo\/image\/"},"sameAs":["https:\/\/www.instagram.com\/aimcapital\/","https:\/\/www.linkedin.com\/company\/aim-capital-partners"]}]}},"_links":{"self":[{"href":"https:\/\/www.aimcapitalpartners.com\/tr\/wp-json\/wp\/v2\/pages\/8095","targetHints":{"allow":["GET"]}}],"collection":[{"href":"https:\/\/www.aimcapitalpartners.com\/tr\/wp-json\/wp\/v2\/pages"}],"about":[{"href":"https:\/\/www.aimcapitalpartners.com\/tr\/wp-json\/wp\/v2\/types\/page"}],"author":[{"embeddable":true,"href":"https:\/\/www.aimcapitalpartners.com\/tr\/wp-json\/wp\/v2\/users\/1"}],"replies":[{"embeddable":true,"href":"https:\/\/www.aimcapitalpartners.com\/tr\/wp-json\/wp\/v2\/comments?post=8095"}],"version-history":[{"count":10,"href":"https:\/\/www.aimcapitalpartners.com\/tr\/wp-json\/wp\/v2\/pages\/8095\/revisions"}],"predecessor-version":[{"id":8798,"href":"https:\/\/www.aimcapitalpartners.com\/tr\/wp-json\/wp\/v2\/pages\/8095\/revisions\/8798"}],"wp:attachment":[{"href":"https:\/\/www.aimcapitalpartners.com\/tr\/wp-json\/wp\/v2\/media?parent=8095"}],"curies":[{"name":"wp","href":"https:\/\/api.w.org\/{rel}","templated":true}]}}